{"id":809,"date":"2021-11-01T13:29:48","date_gmt":"2021-11-01T10:29:48","guid":{"rendered":"https:\/\/leoxendustri.com.tr\/de\/?page_id=809"},"modified":"2021-11-25T17:21:51","modified_gmt":"2021-11-25T14:21:51","slug":"schutz-personenbezogener-daten","status":"publish","type":"page","link":"https:\/\/leoxendustri.com.tr\/de\/schutz-personenbezogener-daten\/","title":{"rendered":"Schutz personenbezogener Daten"},"content":{"rendered":"<h1>LEOX END\u00dcSTR\u0130 \u00dcR\u00dcNLER\u0130 SANAY\u0130 VE T\u0130CARET A.\u015e (Veri Sorumlusu)<\/h1>\n<h2>Ki\u015fisel Verileri Koruma Kanunu (KVKK) Kapsam\u0131nda<\/h2>\n<p><strong>Ki\u015fisel Verilerin \u0130\u015flenmesine \u0130li\u015fkin M\u00fc\u015fteri Ayd\u0131nlatma Metni<\/strong><\/p>\n<p><strong>\u00a0<\/strong><\/p>\n<p><strong>Say\u0131n M\u00fc\u015fterimiz. <\/strong>LEOX END\u00dcSTR\u0130 \u00dcR\u00dcNLER\u0130 SAN. VE T\u0130C. A\u015e\u2019 olarak<\/p>\n<p>bizi tercih etti\u011finiz \u00e7ok te\u015fekk\u00fcr ederiz.<\/p>\n<p>&nbsp;<\/p>\n<p>Siz M\u00fc\u015fterilerimize ait her t\u00fcrl\u00fc ki\u015fisel verinin yasalara uygun olarak i\u015flenmesi ve saklanmas\u0131na \u00f6nem veriyoruz. Veri Sorumlusu olarak hakk\u0131n\u0131zda toplad\u0131\u011f\u0131m\u0131z ki\u015fisel verilerin i\u015flenme ama\u00e7lar\u0131, toplanma y\u00f6ntemleri, nedenleri ve i\u015flenmesi konusundaki haklar\u0131n\u0131z ile ba\u015fvuru usul ve esaslar\u0131 hakk\u0131nda sizleri bilgilendirmek isteriz.<\/p>\n<p><strong>Hangi Ki\u015fisel Verilerinizi Topluyoruz?\u00a0 <\/strong><\/p>\n<p>Internet sitemiz ve di\u011fer uygulamalar\u0131m\u0131z arac\u0131l\u0131\u011f\u0131yla, bizimle yapt\u0131\u011f\u0131n\u0131z yaz\u0131l\u0131 ve s\u00f6zl\u00fc ileti\u015fimleriniz arac\u0131l\u0131\u011f\u0131 ile veya i\u015fyerimizden ald\u0131\u011f\u0131n\u0131 teklif, sat\u0131n alma taleplerini, proforma faturalar\u0131n\u0131z, faturan\u0131z, iade faturalar\u0131n\u0131z, kargo bilgileriniz gibi a\u015fa\u011f\u0131daki ki\u015fisel verilerinizi toplamaktay\u0131z.<\/p>\n<ol>\n<li><strong>Kimlik Verileriniz:<\/strong> Ad\u0131, soyad\u0131, T.C. kimlik numaras\u0131, pasaport numaras\u0131, uyruk, gibi kimlik bilgileriniz<\/li>\n<li><strong>\u0130leti\u015fim Verileriniz: <\/strong><strong>Telefon numaras\u0131, adres, e-posta adresi gibi sizinle ileti\u015fim kurmam\u0131z\u0131 sa\u011flayan verileriniz,<\/strong><\/li>\n<li><strong>\u0130\u015flemleriniz: <\/strong><strong>Ger\u00e7ek ki\u015fi olarak (\u015fah\u0131s \u015firketi) \u015firketimizle yapt\u0131\u011f\u0131n\u0131z her t\u00fcrl\u00fc i\u015flemlerdeki (teklif isteme, proforma fatura, \u00f6deme, kargo, fatura i\u00e7eri\u011fi gibi bilgileriniz vd.) t\u00fcm<\/strong> <strong>verilerinizi<\/strong><\/li>\n<li><strong>Fiziksel Mek\u00e2n G\u00fcvenlik Verileriniz: <\/strong><strong>Can ve mal g\u00fcvenli\u011finizin korunmas\u0131 i\u00e7in \u015firketimiz genel alanlar\u0131nda yer alan <\/strong><strong>g\u00fcvenlik kameralar\u0131ndaki verileriniz<\/strong><\/li>\n<li><strong>Dijital \u0130\u015flemlerinizdeki Verileriniz:<\/strong><strong> \u015eirketimizi ziyaretinizde taraf\u0131m\u0131za ait internetimizi kullanman\u0131z durumunda IP adresi bilgileriniz, internete giri\u015f-\u00e7\u0131k\u0131\u015f saatleriniz, size verilen kullan\u0131c\u0131 ad\u0131n\u0131z ve \u015fifreniz, ziyaret etti\u011finiz siteleri, sitemizi ziyaretiniz s\u0131ras\u0131nda toplad\u0131\u011f\u0131m\u0131z \u00e7erez kay\u0131tlar\u0131n\u0131z gibi verileriniz<\/strong><\/li>\n<\/ol>\n<p><strong>\u00a0<\/strong><\/p>\n<p><strong>Ki\u015fisel Verilerinizi Hangi Ama\u00e7larla i\u015flemekteyiz?<\/strong><\/p>\n<p>Toplad\u0131\u011f\u0131m\u0131z Ki\u015fisel Verilerinizi niteli\u011fine g\u00f6re a\u015fa\u011f\u0131daki ama\u00e7larla i\u015flemekteyiz:<\/p>\n<ol>\n<li>Faaliyetlerimizi ger\u00e7ekle\u015ftirebilmek, size sunulan \u00fcr\u00fcn ve hizmetler ile talep ve beklentilerinizi belirleyebilmek, beklentinizin \u00fczerinde \u00fcr\u00fcn ve hizmet sunulabilmek,<\/li>\n<li>\u00dcr\u00fcn ve hizmetlerimizi sunarken size do\u011fru hitap edilebilmesi, sizinle do\u011frudan ileti\u015fim kurmak, \u00fcr\u00fcn ve hizmetlerimize ili\u015fkin yaz\u0131\u015fma, bildirim ve kesin sipari\u015f gibi i\u015fle ilgili konularda onaylar\u0131n\u0131z\u0131n al\u0131nmas\u0131,<\/li>\n<li>Pazarlama ve M\u00fc\u015fteri \u0130li\u015fkileri Y\u00f6netimi i\u015f s\u00fcre\u00e7lerinin y\u00fcr\u00fct\u00fclmesi,<\/li>\n<li>Taraf\u0131m\u0131za gelen talep, \u00f6neri ve \u015fikayetlerin takibi, de\u011ferlendirilmesi, M\u00fc\u015fteri memnuniyeti y\u00f6netimi ve bu kapsamda planlama, istatistik ve memnuniyet de\u011ferlendirme \u00e7al\u0131\u015fmalar\u0131n\u0131n yap\u0131lmas\u0131,<\/li>\n<li>Daha iyi ve g\u00fcvenilir \u00fcr\u00fcn ve hizmet verebilmek ve s\u00fcrd\u00fcr\u00fclebilirli\u011fi sa\u011flamak i\u00e7in kalite de\u011ferlendirme ve iyile\u015ftirme \u00e7al\u0131\u015fmalar\u0131n\u0131n yap\u0131lmas\u0131,<\/li>\n<li>\u015eirketimizin fiziksel g\u00fcvenli\u011finin, \u00e7al\u0131\u015fanlar\u0131n ve \u015firketimize gelen m\u00fc\u015fterilerimizin ya da ziyaret\u00e7ilerin can ve mal g\u00fcvenli\u011finin sa\u011flanmas\u0131 ile \u015firketimize giri\u015f ve \u00e7\u0131k\u0131\u015flar\u0131n denetlenmesi i\u00e7in ziyaret\u00e7i kay\u0131tlar\u0131n\u0131n olu\u015fturulmas\u0131 ve takip edilmesi,<\/li>\n<li>Yasal haklar\u0131n kullan\u0131lmas\u0131, taraf\u0131m\u0131zdan \u00fcr\u00fcn alma i\u015fleminizden sonra i\u015flem ge\u00e7mi\u015finize ili\u015fkin bilgilerin uyu\u015fmazl\u0131k halinde delil olarak kullan\u0131lmas\u0131,<\/li>\n<li>E-fatura y\u00f6netimi,<\/li>\n<li>Kamu g\u00fcvenli\u011finin korunmas\u0131n\u0131n temini,<\/li>\n<li>\u0130\u015f Sa\u011fl\u0131\u011f\u0131 ve G\u00fcvenli\u011fi ile Acil durum s\u00fcre\u00e7lerinin y\u00f6netilmesi,<\/li>\n<li>Bilgi g\u00fcvenli\u011finin y\u00f6netilmesi,<\/li>\n<li>Yasal mevzuata uyum sa\u011flanmas\u0131, kamu kurum ve kurulu\u015flar\u0131 taraf\u0131ndan talep edilen bilgilerin temini, raporlama y\u00fck\u00fcml\u00fcl\u00fcklerinin yerine getirilmesi,<\/li>\n<li>Kullan\u0131m\u0131n\u0131za sundu\u011fumuz dijital platformlar\u0131n iyile\u015ftirilmesi ve platform kullan\u0131c\u0131lar\u0131na verimli ve ki\u015fiselle\u015ftirilmi\u015f deneyim sunmak amac\u0131yla kullan\u0131c\u0131lar\u0131n say\u0131s\u0131, tipi, ziyaret s\u0131kl\u0131\u011f\u0131, davran\u0131\u015flar\u0131, co\u011frafi konumlar\u0131 ve benzeri istatistiklerin \u00e7\u0131kart\u0131lmas\u0131, platform kullan\u0131c\u0131lar\u0131n\u0131n ilgi alan\u0131 ve ihtiya\u00e7lar\u0131na g\u00f6re ki\u015fiye \u00f6zel i\u00e7erik, kampanya ve reklam sunulmas\u0131, bu ama\u00e7la \u00e7erez kullan\u0131lmas\u0131,<\/li>\n<\/ol>\n<p>&nbsp;<\/p>\n<p><strong>Ki\u015fisel Verilerinizi Kimlere ve Hangi Ama\u00e7la Aktar\u0131yoruz?<\/strong><\/p>\n<p>Toplad\u0131\u011f\u0131m\u0131z ki\u015fisel verilerinizi yukar\u0131da belirtti\u011fimiz hukuki sebeplerin varl\u0131\u011f\u0131 halinde ve belirtilen ama\u00e7lar do\u011frultusunda;<\/p>\n<ol>\n<li>\u015eirketimizin i\u015f s\u00fcre\u00e7lerini devam ettirmek i\u00e7in taraf\u0131m\u0131za hizmet sunan i\u015f ortaklar\u0131m\u0131za,<\/li>\n<li>\u015eirket i\u00e7i hizmet sunan (\u00d6zel G\u00fcvenlik Firmas\u0131 gibi) \u00fc\u00e7\u00fcnc\u00fc taraf hizmet sa\u011flay\u0131c\u0131lar\u0131m\u0131za,<\/li>\n<li>Kanunen yetkili kamu kurumlar\u0131na (Vergi Usul Kanunu, T\u00fcrk Bor\u00e7lar Kanunu, Kimlik Bildirme Kanunu, \u0130nternet Ortam\u0131nda Yap\u0131lan Yay\u0131nlar\u0131n D\u00fczenlenmesi ve Bu Yay\u0131nlar Yoluyla \u0130\u015flenen Su\u00e7larla M\u00fccadele Edilmesi Hakk\u0131nda Kanun gibi mevzuat gere\u011fi) ,<\/li>\n<li>\u015eirketimiz ad\u0131na ki\u015fisel veri i\u015fleyen yurt i\u00e7inde depolama, bili\u015fim teknolojileri deste\u011fi (sunucu, hosting, yaz\u0131l\u0131m, bulut bili\u015fim vb.) alanlar\u0131nda destek ald\u0131\u011f\u0131m\u0131z hizmet sa\u011flay\u0131c\u0131lar\u0131m\u0131za,<\/li>\n<\/ol>\n<p>KVKK kapsam\u0131nda d\u00fczenlenen h\u00fck\u00fcmlere uygun olmak \u015fart\u0131yla aktar\u0131yoruz.<\/p>\n<p><strong>\u00a0<\/strong><\/p>\n<p><strong>Ki\u015fisel Verilerinizi Hangi Y\u00f6ntemler ve Hukuki Sebeplerle Topluyoruz?<\/strong><\/p>\n<p>Ki\u015fisel Verilerinizi,<\/p>\n<ol>\n<li>\u015eirketimizden teklif isterken d\u00fczenledi\u011finiz talep formu ile, Kalite Y\u00f6netim Sistemimiz gere\u011fi dolduraca\u011f\u0131n\u0131z bas\u0131l\u0131 ve elektronik formlarla, ya da \u00fcr\u00fcnlerimizi sat\u0131n alma a\u015famas\u0131ndaki verdi\u011finiz beyanlar\u0131n\u0131zla,<\/li>\n<li>Internet sitemiz veya \u00e7e\u015fitli sosyal medya hesaplar\u0131m\u0131z \u00fczerinden,<\/li>\n<\/ol>\n<ol>\n<li>\u0130\u015fyerimizin g\u00fcvenli\u011fi i\u00e7in, kap\u0131 g\u00fcvenlikte tutulan, ad-soyad,i\u015fe giri\u015f \u00e7\u0131k\u0131\u015f saatlerim, ziyaretime gelen ki\u015filerin ad-soyad bilgileri,<\/li>\n<\/ol>\n<ol start=\"4\">\n<li>Sat\u0131\u015f ve pazarlama faaliyetleri kapsam\u0131nda kullanabilece\u011fimiz e-posta, telefon, k\u0131sa mesajlar, bas\u0131l\u0131 ve elektronik formlar kanal\u0131yla,<\/li>\n<li>\u015eirketimize ait interneti kullanman\u0131z esnas\u0131ndaki log kay\u0131tlar\u0131n\u0131zdan<\/li>\n<li>\u015eirketimizde yer alan kapal\u0131 devre kamera sistemleri arac\u0131l\u0131\u011f\u0131 ile<\/li>\n<\/ol>\n<ol>\n<li>S\u00f6zl\u00fc, yaz\u0131l\u0131 veya elektronik ortamda olmak kayd\u0131yla, tamamen veya k\u0131smen otomatik olan ya da herhangi bir veri kay\u0131t sisteminin par\u00e7as\u0131 olarak otomatik olmayan y\u00f6ntemler ile toplamaktay\u0131z.<\/li>\n<\/ol>\n<p>&nbsp;<\/p>\n<p><strong>Yukar\u0131daki y\u00f6ntemler do\u011frultusunda toplad\u0131\u011f\u0131m\u0131z ki\u015fisel verilerinizi a\u015fa\u011f\u0131da belirtilen hukuki sebeplerden bir veya birka\u00e7\u0131na dayanarak i\u015flemekteyiz: <\/strong><\/p>\n<ol>\n<li>A\u00e7\u0131k r\u0131zan\u0131z\u0131n bulunmas\u0131,<\/li>\n<li>T\u00fcrkiye Cumhuriyeti\u2019nde y\u00fcr\u00fcrl\u00fckte olan kanun ve y\u00f6netmelik h\u00fck\u00fcmlerinin i\u015flemeyi gerekli k\u0131lmas\u0131,<\/li>\n<li>Fiili imk\u00e2ns\u0131zl\u0131k nedeniyle r\u0131zan\u0131z\u0131 a\u00e7\u0131klayamayacak durumdayken \u015fahs\u0131n\u0131z\u0131n veya bir ba\u015fkas\u0131n\u0131n ya\u015fam\u0131 veya v\u00fccut b\u00fct\u00fcnl\u00fc\u011f\u00fcn\u00fcn korunmas\u0131 i\u00e7in zorunlu olmas\u0131,<\/li>\n<li>Taraf\u0131n\u0131zla akdetmi\u015f oldu\u011fumuz s\u00f6zle\u015fmenin ifas\u0131 i\u00e7in gerekli olmas\u0131,<\/li>\n<li>Yasal y\u00fck\u00fcml\u00fcl\u00fcklerimizin yerine getirilmesi amac\u0131yla ki\u015fisel verilerinizin i\u015flenmesinin gerekli olmas\u0131,<\/li>\n<li>Ki\u015fisel verinizin taraf\u0131n\u0131zca alenile\u015ftirilmi\u015f olmas\u0131,<\/li>\n<li>\u015eirket olarak yasal veya s\u00f6zle\u015fmeye dayal\u0131 haklar\u0131m\u0131z\u0131n kullan\u0131lmas\u0131 veya korunmas\u0131 i\u00e7in gerekli olmas\u0131,<\/li>\n<li>Temel hak ve \u00f6zg\u00fcrl\u00fcklerinize zarar vermemek kayd\u0131yla ki\u015fisel verilerinizin i\u015flenmesinin yasal me\u015fru menfaatimiz i\u00e7in gerekli olmas\u0131.<\/li>\n<\/ol>\n<p>&nbsp;<\/p>\n<p>\u0130\u015fledi\u011fimiz t\u00fcm ki\u015fisel verilerinizi, KVKK ve di\u011fer mevzuatta zorunlu k\u0131l\u0131nan s\u00fcrelere uygun \u015fekilde ve her durumda yukar\u0131daki me\u015fru ama\u00e7lar ortadan kalkmad\u0131\u011f\u0131 m\u00fcddet\u00e7e gerekli t\u00fcm idari ve teknik tedbirleri almak suretiyle muhafaza etmekteyiz.<\/p>\n<p>&nbsp;<\/p>\n<p><strong>Ki\u015fisel Veri Sahibinin KVKK Kapsam\u0131nda Say\u0131lan Haklar\u0131 ile Ba\u015fvuru Usul ve Esaslar\u0131 <\/strong><\/p>\n<p><strong>K<\/strong>anunun \u201cilgili ki\u015finin haklar\u0131n\u0131 d\u00fczenleyen\u201d 11. maddesi kapsam\u0131ndaki taleplerinizi, \u201cVeri Sorumlusuna Ba\u015fvuru Usul ve Esaslar\u0131 Hakk\u0131nda Tebli\u011fe\u201d g\u00f6re\u00a0 <strong>Egemenlik Mah 6106\/19 Sk.<\/strong> <strong>No:5 Bornova\/\u0130ZM\u0130R<\/strong> adresine yaz\u0131l\u0131 veya leozimpara<strong><a href=\"mailto:k@hs03.kep.tr\">@hs01.kep.tr<\/a> <\/strong>KEP adresimize veya<strong> \u00a0<\/strong><strong><a href=\"mailto:info@leoxabrasive.com\">info@leoxabrasive.com<\/a><\/strong> mail adresini kullanarak e-posta ile iletebilirsiniz<\/p>\n<p>&nbsp;<\/p>\n<p><strong>\u0130LET\u0130\u015e\u0130M B\u0130LG\u0130LER\u0130<\/strong><\/p>\n<p><strong><u>LEOX END\u00dcSTR\u0130 \u00dcR\u00dcNLER\u0130 SANAY\u0130 VE T\u0130CARET A.\u015e <\/u><\/strong><\/p>\n<p><strong>Adres: <\/strong>Egemenlik Mah 6106\/19 Sk. No:5 Bornova\/\u0130ZM\u0130R<\/p>\n<p><strong>Tel: <\/strong><a href=\"tel:+90%20232%20437%200%20442\">0 232 437 0 442<\/a><strong> Fax: <\/strong>0 232 437 0 442<\/p>\n<p><strong>E-posta: <\/strong><a href=\"mailto:info@leoxabrasive.com\">info@leoxabrasive.com<\/a><strong>\u00a0\u00a0\u00a0\u00a0 KEP:<\/strong><u>leoxz\u0131mpara<\/u><strong><a href=\"mailto:k@hs03.kep.tr\">@hs01.kep.tr<\/a><\/strong><\/p>\n<p><strong>www.leoxabrasive.com\/<\/strong><\/p>\n","protected":false},"excerpt":{"rendered":"<p>LEOX END\u00dcSTR\u0130 \u00dcR\u00dcNLER\u0130 SANAY\u0130 VE T\u0130CARET A.\u015e (Veri Sorumlusu) Ki\u015fisel Verileri Koruma Kanunu (KVKK) Kapsam\u0131nda Ki\u015fisel Verilerin \u0130\u015flenmesine \u0130li\u015fkin M\u00fc\u015fteri Ayd\u0131nlatma Metni \u00a0 Say\u0131n M\u00fc\u015fterimiz. LEOX END\u00dcSTR\u0130 \u00dcR\u00dcNLER\u0130 SAN. VE T\u0130C. A\u015e\u2019 olarak bizi tercih etti\u011finiz \u00e7ok te\u015fekk\u00fcr ederiz. &nbsp; Siz M\u00fc\u015fterilerimize ait her t\u00fcrl\u00fc ki\u015fisel verinin yasalara uygun olarak i\u015flenmesi ve saklanmas\u0131na \u00f6nem veriyoruz. [&hellip;]<\/p>\n","protected":false},"author":1,"featured_media":0,"parent":0,"menu_order":0,"comment_status":"closed","ping_status":"closed","template":"","meta":{"footnotes":""},"class_list":["post-809","page","type-page","status-publish","hentry"],"_links":{"self":[{"href":"https:\/\/leoxendustri.com.tr\/de\/wp-json\/wp\/v2\/pages\/809","targetHints":{"allow":["GET"]}}],"collection":[{"href":"https:\/\/leoxendustri.com.tr\/de\/wp-json\/wp\/v2\/pages"}],"about":[{"href":"https:\/\/leoxendustri.com.tr\/de\/wp-json\/wp\/v2\/types\/page"}],"author":[{"embeddable":true,"href":"https:\/\/leoxendustri.com.tr\/de\/wp-json\/wp\/v2\/users\/1"}],"replies":[{"embeddable":true,"href":"https:\/\/leoxendustri.com.tr\/de\/wp-json\/wp\/v2\/comments?post=809"}],"version-history":[{"count":2,"href":"https:\/\/leoxendustri.com.tr\/de\/wp-json\/wp\/v2\/pages\/809\/revisions"}],"predecessor-version":[{"id":915,"href":"https:\/\/leoxendustri.com.tr\/de\/wp-json\/wp\/v2\/pages\/809\/revisions\/915"}],"wp:attachment":[{"href":"https:\/\/leoxendustri.com.tr\/de\/wp-json\/wp\/v2\/media?parent=809"}],"curies":[{"name":"wp","href":"https:\/\/api.w.org\/{rel}","templated":true}]}}