{"id":232,"date":"2021-09-23T17:53:28","date_gmt":"2021-09-23T14:53:28","guid":{"rendered":"https:\/\/leoxendustri.com.tr\/en\/?page_id=232"},"modified":"2021-11-23T13:50:47","modified_gmt":"2021-11-23T10:50:47","slug":"products","status":"publish","type":"page","link":"https:\/\/leoxendustri.com.tr\/en\/products\/","title":{"rendered":"PRODUCTS"},"content":{"rendered":"\n<style type=\"text\/css\" data-created_by=\"avia_inline_auto\" id=\"style-css-av-rufdc-267a2c31c34abf8ac7e9c3d1e77dd9fa\">\n.avia-section.av-rufdc-267a2c31c34abf8ac7e9c3d1e77dd9fa{\nbackground-repeat:no-repeat;\nbackground-image:url(https:\/\/leoxendustri.com.tr\/en\/wp-content\/uploads\/2021\/09\/top-bg-10.jpg);\nbackground-position:50% 0%;\nbackground-attachment:scroll;\n}\n<\/style>\n<div id='av_section_1'  class='avia-section av-rufdc-267a2c31c34abf8ac7e9c3d1e77dd9fa main_color avia-section-default avia-no-border-styling  avia-builder-el-0  el_before_av_section  avia-builder-el-first  top-bg-sec avia-bg-style-scroll  av-minimum-height av-minimum-height-custom  container_wrap sidebar_right'  data-section-bg-repeat='no-repeat'><div class='container av-section-cont-open' style='height:309px'><main  role=\"main\" itemprop=\"mainContentOfPage\"  class='template-page content  av-content-small alpha units'><div class='post-entry post-entry-type-page post-entry-232'><div class='entry-content-wrapper clearfix'>\n<div class='flex_column av-mdso0-03f25db5fbdec1fd7f1bc15b1de47d6d av_one_third  avia-builder-el-1  el_before_av_two_third  avia-builder-el-first  first flex_column_div '   ><\/div>\n<style type=\"text\/css\" data-created_by=\"avia_inline_auto\" id=\"style-css-av-drdig-cc1a2af641b3cc50ce074180ce900235\">\n.flex_column.av-drdig-cc1a2af641b3cc50ce074180ce900235{\npadding:30px 0 0 0;\n}\n<\/style>\n<div class='flex_column av-drdig-cc1a2af641b3cc50ce074180ce900235 av_two_third  avia-builder-el-2  el_after_av_one_third  avia-builder-el-last  flex_column_div '   ><section class=\"av_textblock_section \"  itemscope=\"itemscope\" itemtype=\"https:\/\/schema.org\/CreativeWork\" ><div class='avia_textblock  av_inherit_color '  style='color:#ffffff; '  itemprop=\"text\" ><div class=\"breadcrumb breadcrumbs avia-breadcrumbs\"><div class=\"breadcrumb-trail\" ><span class=\"trail-before\"><span class=\"breadcrumb-title\">You are here:<\/span><\/span> <span  itemscope=\"itemscope\" itemtype=\"https:\/\/schema.org\/BreadcrumbList\" ><span  itemscope=\"itemscope\" itemtype=\"https:\/\/schema.org\/ListItem\" itemprop=\"itemListElement\" ><a itemprop=\"url\" href=\"https:\/\/leoxendustri.com.tr\/en\" title=\"Leox Abrasive\" rel=\"home\" class=\"trail-begin\"><span itemprop=\"name\">Home<\/span><\/a><span itemprop=\"position\" class=\"hidden\">1<\/span><\/span><\/span><\/div><\/div>\n<\/div><\/section><\/div>\n\n<\/div><\/div><\/main><!-- close content main element --><\/div><\/div><div id='av_section_2'  class='avia-section av-47e5fc-4af709ffa8d4e6ca46dc08ab73bf05ac main_color avia-section-default avia-no-border-styling  avia-builder-el-4  el_after_av_section  avia-builder-el-last  urunler-sec-boxes avia-bg-style-scroll  container_wrap sidebar_right'  ><div class='container av-section-cont-open' ><div class='template-page content  av-content-small alpha units'><div class='post-entry post-entry-type-page post-entry-232'><div class='entry-content-wrapper clearfix'>\n<div class='flex_column av-ma36g-1bb51a37beec0f1f5ffaa7a984ea7e86 av_one_third  avia-builder-el-5  el_before_av_one_third  avia-builder-el-first  first flex_column_div  av-animated-generic bottom-to-top avia-link-column av-column-link '  data-link-column-url=\"https:\/\/leoxendustri.com.tr\/en\/polishing\/\"   ><a class=\"av-screen-reader-only\" href=https:\/\/leoxendustri.com.tr\/en\/polishing\/ >Link to: Polishing<\/a><p>\n<style type=\"text\/css\" data-created_by=\"avia_inline_auto\" id=\"style-css-av-1kv0b4-59925dbc2b16c496c178099f45984f04\">\n.avia-image-container.av-1kv0b4-59925dbc2b16c496c178099f45984f04 .av-image-caption-overlay-center{\ncolor:#ffffff;\n}\n<\/style>\n<div  class='avia-image-container av-1kv0b4-59925dbc2b16c496c178099f45984f04 av-styling- avia-align-center  avia-builder-el-6  el_before_av_heading  avia-builder-el-first  '  itemprop=\"image\" itemscope=\"itemscope\" itemtype=\"https:\/\/schema.org\/ImageObject\" ><div class=\"avia-image-container-inner\"><div class=\"avia-image-overlay-wrap\"><img decoding=\"async\" class='wp-image-243 avia-img-lazy-loading-not-243 avia_image' src=\"https:\/\/leoxendustri.com.tr\/en\/wp-content\/uploads\/2021\/09\/polisaj-1.jpg\" alt='' title='polisaj'  height=\"311\" width=\"350\"  itemprop=\"thumbnailUrl\" srcset=\"https:\/\/leoxendustri.com.tr\/en\/wp-content\/uploads\/2021\/09\/polisaj-1.jpg 350w, https:\/\/leoxendustri.com.tr\/en\/wp-content\/uploads\/2021\/09\/polisaj-1-300x267.jpg 300w\" sizes=\"(max-width: 350px) 100vw, 350px\" \/><\/div><\/div><\/div><br \/>\n\n<style type=\"text\/css\" data-created_by=\"avia_inline_auto\" id=\"style-css-av-1fwsew-4ebe76965fdbf43cb56be7130944f607\">\n#top .av-special-heading.av-1fwsew-4ebe76965fdbf43cb56be7130944f607{\npadding-bottom:0px;\n}\n.av-special-heading.av-1fwsew-4ebe76965fdbf43cb56be7130944f607 .av-subheading{\nfont-size:15px;\n}\n<\/style>\n<div  class='av-special-heading av-1fwsew-4ebe76965fdbf43cb56be7130944f607 av-special-heading-h3 blockquote modern-quote modern-centered  avia-builder-el-7  el_after_av_image  avia-builder-el-last  '><h3 class='av-special-heading-tag '  itemprop=\"headline\"  >Polishing<\/h3><div class='av-subheading av-subheading_below '><p>The position of the welding surfaces of the flap disc cleaning is used for surface\u2026<\/p>\n<\/div><div class='special-heading-border'><div class='special-heading-inner-border'><\/div><\/div><\/div><\/p><\/div><div class='flex_column av-407utc-23f76c513adef92ff9236a943365788a av_one_third  avia-builder-el-8  el_after_av_one_third  el_before_av_one_third  flex_column_div  av-animated-generic bottom-to-top avia-link-column av-column-link '  data-link-column-url=\"https:\/\/leoxendustri.com.tr\/en\/flap-discs\/\"   ><a class=\"av-screen-reader-only\" href=https:\/\/leoxendustri.com.tr\/en\/flap-discs\/ >Link to: Flap Discs<\/a><p>\n<style type=\"text\/css\" data-created_by=\"avia_inline_auto\" id=\"style-css-av-3oa11s-d683955b2c3c5db5515e3af463e02f2a\">\n.avia-image-container.av-3oa11s-d683955b2c3c5db5515e3af463e02f2a .av-image-caption-overlay-center{\ncolor:#ffffff;\n}\n<\/style>\n<div  class='avia-image-container av-3oa11s-d683955b2c3c5db5515e3af463e02f2a av-styling- avia-align-center  avia-builder-el-9  el_before_av_heading  avia-builder-el-first  '  itemprop=\"image\" itemscope=\"itemscope\" itemtype=\"https:\/\/schema.org\/ImageObject\" ><div class=\"avia-image-container-inner\"><div class=\"avia-image-overlay-wrap\"><img decoding=\"async\" class='wp-image-403 avia-img-lazy-loading-not-403 avia_image' src=\"https:\/\/leoxendustri.com.tr\/en\/wp-content\/uploads\/2021\/09\/flap-1.jpg\" alt='' title='flap'  height=\"311\" width=\"350\"  itemprop=\"thumbnailUrl\" srcset=\"https:\/\/leoxendustri.com.tr\/en\/wp-content\/uploads\/2021\/09\/flap-1.jpg 350w, https:\/\/leoxendustri.com.tr\/en\/wp-content\/uploads\/2021\/09\/flap-1-300x267.jpg 300w\" sizes=\"(max-width: 350px) 100vw, 350px\" \/><\/div><\/div><\/div><br \/>\n\n<style type=\"text\/css\" data-created_by=\"avia_inline_auto\" id=\"style-css-av-3jmfvc-fb309e11ecc7ea55e423ac2f25862d3d\">\n#top .av-special-heading.av-3jmfvc-fb309e11ecc7ea55e423ac2f25862d3d{\npadding-bottom:0px;\n}\n.av-special-heading.av-3jmfvc-fb309e11ecc7ea55e423ac2f25862d3d .av-subheading{\nfont-size:15px;\n}\n<\/style>\n<div  class='av-special-heading av-3jmfvc-fb309e11ecc7ea55e423ac2f25862d3d av-special-heading-h3 blockquote modern-quote modern-centered  avia-builder-el-10  el_after_av_image  avia-builder-el-last  '><h3 class='av-special-heading-tag '  itemprop=\"headline\"  >Flap Discs<\/h3><div class='av-subheading av-subheading_below '><p>It is used for cleaning and polishing the interior surfaces of kitchen equipment.<\/p>\n<\/div><div class='special-heading-border'><div class='special-heading-inner-border'><\/div><\/div><\/div><\/p><\/div><div class='flex_column av-7ld88-bbd09c28b3c690004adbac2bb0a98e9c av_one_third  avia-builder-el-11  el_after_av_one_third  el_before_av_one_third  flex_column_div  av-animated-generic bottom-to-top avia-link-column av-column-link '  data-link-column-url=\"https:\/\/leoxendustri.com.tr\/en\/sanding-belts\/\"   ><a class=\"av-screen-reader-only\" href=https:\/\/leoxendustri.com.tr\/en\/sanding-belts\/ >Link to: Sanding Belts<\/a><p>\n<style type=\"text\/css\" data-created_by=\"avia_inline_auto\" id=\"style-css-av-g8awg-c6844c1d099b17dd4ab0cd84e7532801\">\n.avia-image-container.av-g8awg-c6844c1d099b17dd4ab0cd84e7532801 .av-image-caption-overlay-center{\ncolor:#ffffff;\n}\n<\/style>\n<div  class='avia-image-container av-g8awg-c6844c1d099b17dd4ab0cd84e7532801 av-styling- avia-align-center  avia-builder-el-12  el_before_av_heading  avia-builder-el-first  '  itemprop=\"image\" itemscope=\"itemscope\" itemtype=\"https:\/\/schema.org\/ImageObject\" ><div class=\"avia-image-container-inner\"><div class=\"avia-image-overlay-wrap\"><img decoding=\"async\" class='wp-image-244 avia-img-lazy-loading-not-244 avia_image' src=\"https:\/\/leoxendustri.com.tr\/en\/wp-content\/uploads\/2021\/09\/sonsuz-bant-1.jpg\" alt='' title='sonsuz-bant'  height=\"311\" width=\"350\"  itemprop=\"thumbnailUrl\" srcset=\"https:\/\/leoxendustri.com.tr\/en\/wp-content\/uploads\/2021\/09\/sonsuz-bant-1.jpg 350w, https:\/\/leoxendustri.com.tr\/en\/wp-content\/uploads\/2021\/09\/sonsuz-bant-1-300x267.jpg 300w\" sizes=\"(max-width: 350px) 100vw, 350px\" \/><\/div><\/div><\/div><br \/>\n\n<style type=\"text\/css\" data-created_by=\"avia_inline_auto\" id=\"style-css-av-8wcl4-a80bfddc4578c082d33c73e2f31500f5\">\n#top .av-special-heading.av-8wcl4-a80bfddc4578c082d33c73e2f31500f5{\npadding-bottom:0px;\n}\n.av-special-heading.av-8wcl4-a80bfddc4578c082d33c73e2f31500f5 .av-subheading{\nfont-size:15px;\n}\n<\/style>\n<div  class='av-special-heading av-8wcl4-a80bfddc4578c082d33c73e2f31500f5 av-special-heading-h3 blockquote modern-quote modern-centered  avia-builder-el-13  el_after_av_image  avia-builder-el-last  '><h3 class='av-special-heading-tag '  itemprop=\"headline\"  >Sanding Belts<\/h3><div class='av-subheading av-subheading_below '><p>Rich zirconia alumina blend on a durable polyester cotton backing for high alloy\u2026<\/p>\n<\/div><div class='special-heading-border'><div class='special-heading-inner-border'><\/div><\/div><\/div><\/p><\/div><div class='flex_column av-rnxko-02e36bbe158ed1bd930941f147185e05 av_one_third  avia-builder-el-14  el_after_av_one_third  el_before_av_one_third  first flex_column_div  av-animated-generic bottom-to-top avia-link-column av-column-link column-top-margin'  data-link-column-url=\"https:\/\/leoxendustri.com.tr\/en\/velcro-discs\/\"   ><a class=\"av-screen-reader-only\" href=https:\/\/leoxendustri.com.tr\/en\/velcro-discs\/ >Link to: Velcro Discs<\/a><p>\n<style type=\"text\/css\" data-created_by=\"avia_inline_auto\" id=\"style-css-av-23ca5k-20b12fc0e7391e02ac89ff8a712b522b\">\n.avia-image-container.av-23ca5k-20b12fc0e7391e02ac89ff8a712b522b .av-image-caption-overlay-center{\ncolor:#ffffff;\n}\n<\/style>\n<div  class='avia-image-container av-23ca5k-20b12fc0e7391e02ac89ff8a712b522b av-styling- avia-align-center  avia-builder-el-15  el_before_av_heading  avia-builder-el-first  '  itemprop=\"image\" itemscope=\"itemscope\" itemtype=\"https:\/\/schema.org\/ImageObject\" ><div class=\"avia-image-container-inner\"><div class=\"avia-image-overlay-wrap\"><img decoding=\"async\" class='wp-image-718 avia-img-lazy-loading-not-718 avia_image' src=\"https:\/\/leoxendustri.com.tr\/en\/wp-content\/uploads\/2021\/10\/Gold-Cirtli-Disk.jpg\" alt='' title='Gold-C\u0131rtl\u0131-Disk'  height=\"578\" width=\"668\"  itemprop=\"thumbnailUrl\" srcset=\"https:\/\/leoxendustri.com.tr\/en\/wp-content\/uploads\/2021\/10\/Gold-Cirtli-Disk.jpg 668w, https:\/\/leoxendustri.com.tr\/en\/wp-content\/uploads\/2021\/10\/Gold-Cirtli-Disk-300x260.jpg 300w\" sizes=\"(max-width: 668px) 100vw, 668px\" \/><\/div><\/div><\/div><br \/>\n\n<style type=\"text\/css\" data-created_by=\"avia_inline_auto\" id=\"style-css-av-1w1rjc-4c2ebf9f6e137e5cc27fedb71f81e140\">\n#top .av-special-heading.av-1w1rjc-4c2ebf9f6e137e5cc27fedb71f81e140{\npadding-bottom:0px;\n}\n.av-special-heading.av-1w1rjc-4c2ebf9f6e137e5cc27fedb71f81e140 .av-subheading{\nfont-size:15px;\n}\n<\/style>\n<div  class='av-special-heading av-1w1rjc-4c2ebf9f6e137e5cc27fedb71f81e140 av-special-heading-h3 blockquote modern-quote modern-centered  avia-builder-el-16  el_after_av_image  avia-builder-el-last  '><h3 class='av-special-heading-tag '  itemprop=\"headline\"  >Velcro Discs<\/h3><div class='av-subheading av-subheading_below '><p>Velcro and adhesive disc sanders (Hook and Loop Disc), cloth and paper plate\u2026<\/p>\n<\/div><div class='special-heading-border'><div class='special-heading-inner-border'><\/div><\/div><\/div><\/p><\/div><div class='flex_column av-10dcr4-39904362984c7ba601837e186113ca0e av_one_third  avia-builder-el-17  el_after_av_one_third  el_before_av_one_third  flex_column_div  av-animated-generic bottom-to-top avia-link-column av-column-link column-top-margin'  data-link-column-url=\"https:\/\/leoxendustri.com.tr\/en\/fiber-discs\/\"   ><a class=\"av-screen-reader-only\" href=https:\/\/leoxendustri.com.tr\/en\/fiber-discs\/ >Link to: Fiber Discs<\/a><p>\n<style type=\"text\/css\" data-created_by=\"avia_inline_auto\" id=\"style-css-av-38kqqo-a58bc2a3a910e9c21df6390b9efc9132\">\n.avia-image-container.av-38kqqo-a58bc2a3a910e9c21df6390b9efc9132 .av-image-caption-overlay-center{\ncolor:#ffffff;\n}\n<\/style>\n<div  class='avia-image-container av-38kqqo-a58bc2a3a910e9c21df6390b9efc9132 av-styling- avia-align-center  avia-builder-el-18  el_before_av_heading  avia-builder-el-first  '  itemprop=\"image\" itemscope=\"itemscope\" itemtype=\"https:\/\/schema.org\/ImageObject\" ><div class=\"avia-image-container-inner\"><div class=\"avia-image-overlay-wrap\"><img decoding=\"async\" class='wp-image-248 avia-img-lazy-loading-not-248 avia_image' src=\"https:\/\/leoxendustri.com.tr\/en\/wp-content\/uploads\/2021\/09\/fiber-disk-2.jpg\" alt='' title='fiber-disk'  height=\"311\" width=\"350\"  itemprop=\"thumbnailUrl\" srcset=\"https:\/\/leoxendustri.com.tr\/en\/wp-content\/uploads\/2021\/09\/fiber-disk-2.jpg 350w, https:\/\/leoxendustri.com.tr\/en\/wp-content\/uploads\/2021\/09\/fiber-disk-2-300x267.jpg 300w\" sizes=\"(max-width: 350px) 100vw, 350px\" \/><\/div><\/div><\/div><br \/>\n\n<style type=\"text\/css\" data-created_by=\"avia_inline_auto\" id=\"style-css-av-30smmw-af1fbe979f0a9e155b61e15c50d65987\">\n#top .av-special-heading.av-30smmw-af1fbe979f0a9e155b61e15c50d65987{\npadding-bottom:0px;\n}\n.av-special-heading.av-30smmw-af1fbe979f0a9e155b61e15c50d65987 .av-subheading{\nfont-size:15px;\n}\n<\/style>\n<div  class='av-special-heading av-30smmw-af1fbe979f0a9e155b61e15c50d65987 av-special-heading-h3 blockquote modern-quote modern-centered  avia-builder-el-19  el_after_av_image  avia-builder-el-last  '><h3 class='av-special-heading-tag '  itemprop=\"headline\"  >Fiber Discs<\/h3><div class='av-subheading av-subheading_below '><p>Silicon carbide fibre disc for sanding glass, marble, ceramic, hard cast iron. Vulcanized\u2026<\/p>\n<\/div><div class='special-heading-border'><div class='special-heading-inner-border'><\/div><\/div><\/div><\/p><\/div><div class='flex_column av-vt69c-425817bbd9b01b3e3e480758c3acc50f av_one_third  avia-builder-el-20  el_after_av_one_third  el_before_av_one_third  flex_column_div  av-animated-generic bottom-to-top avia-link-column av-column-link column-top-margin'  data-link-column-url=\"https:\/\/leoxendustri.com.tr\/en\/cutting-and-grinding-discs\/\"   ><a class=\"av-screen-reader-only\" href=https:\/\/leoxendustri.com.tr\/en\/cutting-and-grinding-discs\/ >Link to: Cutting and Grinding Discs<\/a><p>\n<style type=\"text\/css\" data-created_by=\"avia_inline_auto\" id=\"style-css-av-2l3ll4-0c8af624f1f6f91fadfb01cdce7b6435\">\n.avia-image-container.av-2l3ll4-0c8af624f1f6f91fadfb01cdce7b6435 .av-image-caption-overlay-center{\ncolor:#ffffff;\n}\n<\/style>\n<div  class='avia-image-container av-2l3ll4-0c8af624f1f6f91fadfb01cdce7b6435 av-styling- avia-align-center  avia-builder-el-21  el_before_av_heading  avia-builder-el-first  '  itemprop=\"image\" itemscope=\"itemscope\" itemtype=\"https:\/\/schema.org\/ImageObject\" ><div class=\"avia-image-container-inner\"><div class=\"avia-image-overlay-wrap\"><img decoding=\"async\" class='wp-image-241 avia-img-lazy-loading-not-241 avia_image' src=\"https:\/\/leoxendustri.com.tr\/en\/wp-content\/uploads\/2021\/09\/kesici-1.jpg\" alt='' title='kesici'  height=\"311\" width=\"350\"  itemprop=\"thumbnailUrl\" srcset=\"https:\/\/leoxendustri.com.tr\/en\/wp-content\/uploads\/2021\/09\/kesici-1.jpg 350w, https:\/\/leoxendustri.com.tr\/en\/wp-content\/uploads\/2021\/09\/kesici-1-300x267.jpg 300w\" sizes=\"(max-width: 350px) 100vw, 350px\" \/><\/div><\/div><\/div><br \/>\n\n<style type=\"text\/css\" data-created_by=\"avia_inline_auto\" id=\"style-css-av-2ezlu0-1f99eddf2f8ad9d5192dddadf3de32a8\">\n#top .av-special-heading.av-2ezlu0-1f99eddf2f8ad9d5192dddadf3de32a8{\npadding-bottom:0px;\n}\n.av-special-heading.av-2ezlu0-1f99eddf2f8ad9d5192dddadf3de32a8 .av-subheading{\nfont-size:15px;\n}\n<\/style>\n<div  class='av-special-heading av-2ezlu0-1f99eddf2f8ad9d5192dddadf3de32a8 av-special-heading-h3 blockquote modern-quote modern-centered  avia-builder-el-22  el_after_av_image  avia-builder-el-last  '><h3 class='av-special-heading-tag '  itemprop=\"headline\"  >Cutting and Grinding Discs<\/h3><div class='av-subheading av-subheading_below '><p>The grinding wheel has a binder matrix on its surface (hence the element in question\u2026<\/p>\n<\/div><div class='special-heading-border'><div class='special-heading-inner-border'><\/div><\/div><\/div><\/p><\/div><div class='flex_column av-kuqm0cfn-70c59ae715dc60f8d5f55b4a5909333c av_one_third  avia-builder-el-23  el_after_av_one_third  el_before_av_one_third  first flex_column_div  av-animated-generic bottom-to-top avia-link-column av-column-link column-top-margin'  data-link-column-url=\"https:\/\/leoxendustri.com.tr\/en\/maintenance-chemicals\/\"   ><a class=\"av-screen-reader-only\" href=https:\/\/leoxendustri.com.tr\/en\/maintenance-chemicals\/ >Link to: Maintenance Chemicals<\/a><p>\n<style type=\"text\/css\" data-created_by=\"avia_inline_auto\" id=\"style-css-av-kuqm06kj-5234b8183586a590d64622192b33aa14\">\n.avia-image-container.av-kuqm06kj-5234b8183586a590d64622192b33aa14 .av-image-caption-overlay-center{\ncolor:#ffffff;\n}\n<\/style>\n<div  class='avia-image-container av-kuqm06kj-5234b8183586a590d64622192b33aa14 av-styling- avia-align-center  avia-builder-el-24  el_before_av_heading  avia-builder-el-first  '  itemprop=\"image\" itemscope=\"itemscope\" itemtype=\"https:\/\/schema.org\/ImageObject\" ><div class=\"avia-image-container-inner\"><div class=\"avia-image-overlay-wrap\"><img decoding=\"async\" class='wp-image-846 avia-img-lazy-loading-not-846 avia_image' src=\"https:\/\/leoxendustri.com.tr\/en\/wp-content\/uploads\/2021\/11\/fren-balata-endustriyel-temizleyici.jpg\" alt='' title='fren-balata-endustriyel-temizleyici'  height=\"578\" width=\"668\"  itemprop=\"thumbnailUrl\" srcset=\"https:\/\/leoxendustri.com.tr\/en\/wp-content\/uploads\/2021\/11\/fren-balata-endustriyel-temizleyici.jpg 668w, https:\/\/leoxendustri.com.tr\/en\/wp-content\/uploads\/2021\/11\/fren-balata-endustriyel-temizleyici-300x260.jpg 300w\" sizes=\"(max-width: 668px) 100vw, 668px\" \/><\/div><\/div><\/div><br \/>\n\n<style type=\"text\/css\" data-created_by=\"avia_inline_auto\" id=\"style-css-av-kuqm0h97-3c3c2effc54aa9ceacb0392646e5c8af\">\n#top .av-special-heading.av-kuqm0h97-3c3c2effc54aa9ceacb0392646e5c8af{\npadding-bottom:0px;\n}\n.av-special-heading.av-kuqm0h97-3c3c2effc54aa9ceacb0392646e5c8af .av-subheading{\nfont-size:15px;\n}\n<\/style>\n<div  class='av-special-heading av-kuqm0h97-3c3c2effc54aa9ceacb0392646e5c8af av-special-heading-h3 blockquote modern-quote modern-centered  avia-builder-el-25  el_after_av_image  avia-builder-el-last  '><h3 class='av-special-heading-tag '  itemprop=\"headline\"  >Maintenance Chemicals<\/h3><div class='av-subheading av-subheading_below '><p>As a result of our long work with manufacturers and end users, we have produced\u2026<\/p>\n<\/div><div class='special-heading-border'><div class='special-heading-inner-border'><\/div><\/div><\/div><\/p><\/div><div class='flex_column av-10rcm0-5b93c5f977b4e0295adb32580fbf03e4 av_one_third  avia-builder-el-26  el_after_av_one_third  el_before_av_one_third  flex_column_div  av-animated-generic bottom-to-top avia-link-column av-column-link column-top-margin'  data-link-column-url=\"https:\/\/leoxendustri.com.tr\/en\/construction-chemicals\/\"   ><a class=\"av-screen-reader-only\" href=https:\/\/leoxendustri.com.tr\/en\/construction-chemicals\/ >Link to: Construction Chemicals<\/a><p>\n<style type=\"text\/css\" data-created_by=\"avia_inline_auto\" id=\"style-css-av-wi56g-857e4fb74fe08734cf619d7d3bd3b5da\">\n.avia-image-container.av-wi56g-857e4fb74fe08734cf619d7d3bd3b5da .av-image-caption-overlay-center{\ncolor:#ffffff;\n}\n<\/style>\n<div  class='avia-image-container av-wi56g-857e4fb74fe08734cf619d7d3bd3b5da av-styling- avia-align-center  avia-builder-el-27  el_before_av_heading  avia-builder-el-first  '  itemprop=\"image\" itemscope=\"itemscope\" itemtype=\"https:\/\/schema.org\/ImageObject\" ><div class=\"avia-image-container-inner\"><div class=\"avia-image-overlay-wrap\"><img decoding=\"async\" class='wp-image-861 avia-img-lazy-loading-not-861 avia_image' src=\"https:\/\/leoxendustri.com.tr\/en\/wp-content\/uploads\/2021\/11\/banyo-silikonu.jpg\" alt='' title='banyo-silikonu'  height=\"578\" width=\"668\"  itemprop=\"thumbnailUrl\" srcset=\"https:\/\/leoxendustri.com.tr\/en\/wp-content\/uploads\/2021\/11\/banyo-silikonu.jpg 668w, https:\/\/leoxendustri.com.tr\/en\/wp-content\/uploads\/2021\/11\/banyo-silikonu-300x260.jpg 300w\" sizes=\"(max-width: 668px) 100vw, 668px\" \/><\/div><\/div><\/div><br \/>\n\n<style type=\"text\/css\" data-created_by=\"avia_inline_auto\" id=\"style-css-av-kuqm1r04-33c31e89bd3382a3e2eda279d595ffaa\">\n#top .av-special-heading.av-kuqm1r04-33c31e89bd3382a3e2eda279d595ffaa{\npadding-bottom:0px;\n}\n.av-special-heading.av-kuqm1r04-33c31e89bd3382a3e2eda279d595ffaa .av-subheading{\nfont-size:15px;\n}\n<\/style>\n<div  class='av-special-heading av-kuqm1r04-33c31e89bd3382a3e2eda279d595ffaa av-special-heading-h3 blockquote modern-quote modern-centered  avia-builder-el-28  el_after_av_image  avia-builder-el-last  '><h3 class='av-special-heading-tag '  itemprop=\"headline\"  >Construction Chemicals<\/h3><div class='av-subheading av-subheading_below '><p>The grinding wheel has a binder matrix on its surface (hence the element in question&#8230;<\/p>\n<\/div><div class='special-heading-border'><div class='special-heading-inner-border'><\/div><\/div><\/div><\/p><\/div><div class='flex_column av-su76g-fe4c20014168c582c86944da208a2e9f av_one_third  avia-builder-el-29  el_after_av_one_third  avia-builder-el-last  flex_column_div  av-animated-generic bottom-to-top avia-link-column av-column-link column-top-margin'  data-link-column-url=\"https:\/\/leoxendustri.com.tr\/en\/sabitleyici-ve-yapistiricilar\/\"   ><a class=\"av-screen-reader-only\" href=https:\/\/leoxendustri.com.tr\/en\/sabitleyici-ve-yapistiricilar\/ >Link to: Sabitleyici ve Yap\u0131\u015ft\u0131r\u0131c\u0131lar<\/a><p>\n<style type=\"text\/css\" data-created_by=\"avia_inline_auto\" id=\"style-css-av-mgchk-b8a77e931a2254dcddbf945871b3118e\">\n.avia-image-container.av-mgchk-b8a77e931a2254dcddbf945871b3118e .av-image-caption-overlay-center{\ncolor:#ffffff;\n}\n<\/style>\n<div  class='avia-image-container av-mgchk-b8a77e931a2254dcddbf945871b3118e av-styling- avia-align-center  avia-builder-el-30  el_before_av_heading  avia-builder-el-first  '  itemprop=\"image\" itemscope=\"itemscope\" itemtype=\"https:\/\/schema.org\/ImageObject\" ><div class=\"avia-image-container-inner\"><div class=\"avia-image-overlay-wrap\"><img decoding=\"async\" class='wp-image-635 avia-img-lazy-loading-not-635 avia_image' src=\"https:\/\/leoxendustri.com.tr\/en\/wp-content\/uploads\/2021\/10\/none.jpg\" alt='' title='none'  height=\"578\" width=\"668\"  itemprop=\"thumbnailUrl\" srcset=\"https:\/\/leoxendustri.com.tr\/en\/wp-content\/uploads\/2021\/10\/none.jpg 668w, https:\/\/leoxendustri.com.tr\/en\/wp-content\/uploads\/2021\/10\/none-300x260.jpg 300w\" sizes=\"(max-width: 668px) 100vw, 668px\" \/><\/div><\/div><\/div><br \/>\n\n<style type=\"text\/css\" data-created_by=\"avia_inline_auto\" id=\"style-css-av-kuqm23os-3cb4127692c68ca01ac0f09cef05b063\">\n#top .av-special-heading.av-kuqm23os-3cb4127692c68ca01ac0f09cef05b063{\npadding-bottom:0px;\n}\n.av-special-heading.av-kuqm23os-3cb4127692c68ca01ac0f09cef05b063 .av-subheading{\nfont-size:15px;\n}\n<\/style>\n<div  class='av-special-heading av-kuqm23os-3cb4127692c68ca01ac0f09cef05b063 av-special-heading-h3 blockquote modern-quote modern-centered  avia-builder-el-31  el_after_av_image  avia-builder-el-last  '><h3 class='av-special-heading-tag '  itemprop=\"headline\"  >Stabilizers and Adhesives<\/h3><div class='av-subheading av-subheading_below '><p>The grinding wheel has a binder matrix (hence the element in question bonding) on \u200b\u200bits surface.<\/p>\n<\/div><div class='special-heading-border'><div class='special-heading-inner-border'><\/div><\/div><\/div><\/p><\/div><\/div><\/div><\/div><!-- close content main div --><\/div><\/div><div id='after_section_2'  class='main_color av_default_container_wrap container_wrap sidebar_right'  ><div class='container av-section-cont-open' ><div class='template-page content  av-content-small alpha units'><div class='post-entry post-entry-type-page post-entry-232'><div class='entry-content-wrapper clearfix'>\n","protected":false},"excerpt":{"rendered":"","protected":false},"author":1,"featured_media":0,"parent":0,"menu_order":0,"comment_status":"closed","ping_status":"closed","template":"","meta":{"footnotes":""},"class_list":["post-232","page","type-page","status-publish","hentry"],"_links":{"self":[{"href":"https:\/\/leoxendustri.com.tr\/en\/wp-json\/wp\/v2\/pages\/232","targetHints":{"allow":["GET"]}}],"collection":[{"href":"https:\/\/leoxendustri.com.tr\/en\/wp-json\/wp\/v2\/pages"}],"about":[{"href":"https:\/\/leoxendustri.com.tr\/en\/wp-json\/wp\/v2\/types\/page"}],"author":[{"embeddable":true,"href":"https:\/\/leoxendustri.com.tr\/en\/wp-json\/wp\/v2\/users\/1"}],"replies":[{"embeddable":true,"href":"https:\/\/leoxendustri.com.tr\/en\/wp-json\/wp\/v2\/comments?post=232"}],"version-history":[{"count":37,"href":"https:\/\/leoxendustri.com.tr\/en\/wp-json\/wp\/v2\/pages\/232\/revisions"}],"predecessor-version":[{"id":1086,"href":"https:\/\/leoxendustri.com.tr\/en\/wp-json\/wp\/v2\/pages\/232\/revisions\/1086"}],"wp:attachment":[{"href":"https:\/\/leoxendustri.com.tr\/en\/wp-json\/wp\/v2\/media?parent=232"}],"curies":[{"name":"wp","href":"https:\/\/api.w.org\/{rel}","templated":true}]}}